{"id":124,"date":"2025-10-06T19:47:14","date_gmt":"2025-10-06T19:47:14","guid":{"rendered":"https:\/\/scb.ind.br\/?page_id=124"},"modified":"2026-01-23T15:00:19","modified_gmt":"2026-01-23T15:00:19","slug":"catalogo","status":"publish","type":"page","link":"https:\/\/scb.ind.br\/?page_id=124","title":{"rendered":"Cat\u00e1logo"},"content":{"rendered":"\n<p>Bem-vindo ao nosso Cat\u00e1logo de Produtos. Fa\u00e7a o download dos folhetos das linhas abaixo para ter acesso a especifica\u00e7\u00f5es t\u00e9cnicas detalhadas.<\/p>\n\n\n\n<p><\/p>\n\n\n\n\n\n<p><a href=\"https:\/\/scb.ind.br\/wp-content\/uploads\/2025\/10\/Gene-Therapy-Brochure-Feb-2023.pdf\">Gene Therapy Brochure<\/a><\/p>\n\n\n\n<p><a href=\"https:\/\/scb.ind.br\/wp-content\/uploads\/2025\/10\/Gator-Intro-Brochure-2.pdf\" data-type=\"link\" data-id=\"https:\/\/scb.ind.br\/wp-content\/uploads\/2025\/10\/Gator-Intro-Brochure-2.pdf\">Gator Intro Brochure<\/a><\/p>\n\n\n\n<p><a href=\"https:\/\/scb.ind.br\/wp-content\/uploads\/2025\/10\/GatorPrime-Brochure-221214.pdf\" data-type=\"link\" data-id=\"https:\/\/scb.ind.br\/wp-content\/uploads\/2025\/10\/GatorPrime-Brochure-221214.pdf\">Gator Prime Brochure<\/a><\/p>\n\n\n\n<p><a href=\"https:\/\/scb.ind.br\/wp-content\/uploads\/2025\/10\/Gator-Pro-brochure-Feb_2023.pdf\" data-type=\"link\" data-id=\"https:\/\/scb.ind.br\/wp-content\/uploads\/2025\/10\/Gator-Pro-brochure-Feb_2023.pdf\">Gator Pro brochure<\/a><\/p>\n\n\n\n<p><a href=\"https:\/\/scb.ind.br\/wp-content\/uploads\/2025\/10\/Gator-Pivot-Brochure-.pdf\" data-type=\"link\" data-id=\"https:\/\/scb.ind.br\/wp-content\/uploads\/2025\/10\/Gator-Pivot-Brochure-.pdf\">Gator Pivot Brochure<\/a><\/p>\n\n\n\n<p><a href=\"https:\/\/scb.ind.br\/wp-content\/uploads\/2025\/10\/Gator-Pilot-brochure.pdf\" data-type=\"link\" data-id=\"https:\/\/scb.ind.br\/wp-content\/uploads\/2025\/10\/Gator-Pilot-brochure.pdf\">Gator Pilot brochure<\/a><\/p>\n\n\n\n<p><a href=\"https:\/\/scb.ind.br\/wp-content\/uploads\/2025\/10\/Gator-Family-brochure-1.pdf\" data-type=\"link\" data-id=\"https:\/\/scb.ind.br\/wp-content\/uploads\/2025\/10\/Gator-Family-brochure-1.pdf\">Gator Family brochure<\/a><\/p>\n\n\n\n\n\n<p><a href=\"https:\/\/scb.ind.br\/wp-content\/uploads\/2025\/12\/Aerosart-Datasheet-en-B-2791979-Sartorius.pdf\">Aerosart &#8211; PTFE -AR e Gas<\/a><\/p>\n\n\n\n<p><a href=\"https:\/\/scb.ind.br\/wp-content\/uploads\/2025\/12\/Sartopure-IND-Datasheet-pt-B-2647667-Sartorius.pdf\">Aquasart Plus &#8211; Agua<\/a><\/p>\n\n\n\n<p><a href=\"https:\/\/scb.ind.br\/wp-content\/uploads\/2025\/12\/sartocool-ps-datasheet-en-b-sgk2001-sartorius-data.pdf\">Sartocool &#8211; Cerveja<\/a><\/p>\n\n\n\n<p><a href=\"https:\/\/scb.ind.br\/wp-content\/uploads\/2025\/12\/Sartopure-IND-Datasheet-pt-B-2647667-Sartorius-1.pdf\">Sartopura &#8211; Pre-filtra\u00e7\u00e3o<\/a><\/p>\n\n\n\n\n\n\n\n<p><\/p>\n","protected":false},"excerpt":{"rendered":"<p>Bem-vindo ao nosso Cat\u00e1logo de Produtos. Fa\u00e7a o download dos folhetos das linhas abaixo para ter acesso a especifica\u00e7\u00f5es t\u00e9cnicas detalhadas.<\/p>\n","protected":false},"author":1,"featured_media":0,"parent":0,"menu_order":0,"comment_status":"closed","ping_status":"closed","template":"","meta":{"footnotes":""},"class_list":["post-124","page","type-page","status-publish","hentry"],"_links":{"self":[{"href":"https:\/\/scb.ind.br\/index.php?rest_route=\/wp\/v2\/pages\/124","targetHints":{"allow":["GET"]}}],"collection":[{"href":"https:\/\/scb.ind.br\/index.php?rest_route=\/wp\/v2\/pages"}],"about":[{"href":"https:\/\/scb.ind.br\/index.php?rest_route=\/wp\/v2\/types\/page"}],"author":[{"embeddable":true,"href":"https:\/\/scb.ind.br\/index.php?rest_route=\/wp\/v2\/users\/1"}],"replies":[{"embeddable":true,"href":"https:\/\/scb.ind.br\/index.php?rest_route=%2Fwp%2Fv2%2Fcomments&post=124"}],"version-history":[{"count":32,"href":"https:\/\/scb.ind.br\/index.php?rest_route=\/wp\/v2\/pages\/124\/revisions"}],"predecessor-version":[{"id":209,"href":"https:\/\/scb.ind.br\/index.php?rest_route=\/wp\/v2\/pages\/124\/revisions\/209"}],"wp:attachment":[{"href":"https:\/\/scb.ind.br\/index.php?rest_route=%2Fwp%2Fv2%2Fmedia&parent=124"}],"curies":[{"name":"wp","href":"https:\/\/api.w.org\/{rel}","templated":true}]}}