{"id":56,"date":"2025-05-23T18:33:39","date_gmt":"2025-05-23T18:33:39","guid":{"rendered":"https:\/\/scb.ind.br\/?page_id=56"},"modified":"2026-03-14T13:24:54","modified_gmt":"2026-03-14T13:24:54","slug":"contato","status":"publish","type":"page","link":"https:\/\/scb.ind.br\/?page_id=56","title":{"rendered":"Contato"},"content":{"rendered":"<section>\n<p class=\"p1\">Entre em contato com a SCB Solu\u00e7\u00f5es Industriais. Estamos prontos para atender suas d\u00favidas, propostas e demandas com agilidade e excel\u00eancia t\u00e9cnica.<\/p>\n<p class=\"p1\">Informa\u00e7\u00f5es de Contato<\/p>\n<p class=\"p1\">Endere\u00e7o: Rua Clarice Baruque Dodson, 1405 \u2013 Planalto do Sol 2<\/p>\n<p class=\"p1\">Santa B\u00e1rbara d\u2019Oeste \u2013 SP \u2013 CEP 13453-827<\/p>\n<p class=\"p1\">Telefone: (19) 9 9329-8449<\/p>\n<p class=\"p1\">E-mail: contato@scb.ind.br<\/p>\n<\/section>\n<section>\n<h3>Atendimento<\/h3>\n<ul>\n<li>\ud83d\udd52 Segunda a Sexta: 08h \u00e0s 18h<\/li>\n<li>\ud83d\udccd Atendimento presencial com agendamento<\/li>\n<li>\ud83c\udf0e Suporte t\u00e9cnico-comercial em todo o Brasil<\/li>\n<\/ul>\n<\/section>\n\n<div class=\"wpforms-container wpforms-container-full wpforms-block wpforms-block-40bd2541-9f10-491c-8926-3d579e3bda9a wpforms-render-modern\" id=\"wpforms-68\"><form id=\"wpforms-form-68\" class=\"wpforms-validate wpforms-form wpforms-ajax-form\" data-formid=\"68\" method=\"post\" enctype=\"multipart\/form-data\" action=\"\/index.php?rest_route=%2Fwp%2Fv2%2Fpages%2F56\" data-token=\"937a7a57d2b9631205e3d1e1d5a8c780\" data-token-time=\"1776607362\"><noscript class=\"wpforms-error-noscript\">Ative o JavaScript no seu navegador para preencher este formul\u00e1rio.<\/noscript><div class=\"wpforms-hidden\" id=\"wpforms-error-noscript\">Ative o JavaScript no seu navegador para preencher este formul\u00e1rio.<\/div><div class=\"wpforms-field-container\"><div id=\"wpforms-68-field_1-container\" class=\"wpforms-field wpforms-field-name\" data-field-id=\"1\"><fieldset><legend class=\"wpforms-field-label\">Nome <span class=\"wpforms-required-label\" aria-hidden=\"true\">*<\/span><\/legend><div class=\"wpforms-field-row wpforms-field-medium\"><div class=\"wpforms-field-row-block wpforms-first wpforms-one-half\"><input type=\"text\" id=\"wpforms-68-field_1\" class=\"wpforms-field-name-first wpforms-field-required\" name=\"wpforms[fields][1][first]\" aria-errormessage=\"wpforms-68-field_1-error\" required><label for=\"wpforms-68-field_1\" class=\"wpforms-field-sublabel after\">Nome<\/label><\/div><div class=\"wpforms-field-row-block wpforms-one-half\"><input type=\"text\" id=\"wpforms-68-field_1-last\" class=\"wpforms-field-name-last wpforms-field-required\" name=\"wpforms[fields][1][last]\" aria-errormessage=\"wpforms-68-field_1-last-error\" required><label for=\"wpforms-68-field_1-last\" class=\"wpforms-field-sublabel after\">Sobrenome<\/label><\/div><\/div><\/fieldset><\/div><div id=\"wpforms-68-field_2-container\" class=\"wpforms-field wpforms-field-email\" data-field-id=\"2\"><label class=\"wpforms-field-label\" for=\"wpforms-68-field_2\">E-mail <span class=\"wpforms-required-label\" aria-hidden=\"true\">*<\/span><\/label><input type=\"email\" id=\"wpforms-68-field_2\" class=\"wpforms-field-medium wpforms-field-required\" name=\"wpforms[fields][2]\" spellcheck=\"false\" aria-errormessage=\"wpforms-68-field_2-error\" required><\/div><div id=\"wpforms-68-field_3-container\" class=\"wpforms-field wpforms-field-textarea\" data-field-id=\"3\"><label class=\"wpforms-field-label\" for=\"wpforms-68-field_3\">Coment\u00e1rio ou Mensagem<\/label><textarea id=\"wpforms-68-field_3\" class=\"wpforms-field-medium\" name=\"wpforms[fields][3]\" aria-errormessage=\"wpforms-68-field_3-error\" ><\/textarea><\/div><\/div><!-- .wpforms-field-container --><div class=\"wpforms-submit-container\" ><input type=\"hidden\" name=\"wpforms[id]\" value=\"68\"><input type=\"hidden\" name=\"page_title\" value=\"\"><input type=\"hidden\" name=\"page_url\" value=\"https:\/\/scb.ind.br\/index.php?rest_route=\/wp\/v2\/pages\/56\"><input type=\"hidden\" name=\"url_referer\" value=\"\"><button type=\"submit\" name=\"wpforms[submit]\" id=\"wpforms-submit-68\" class=\"wpforms-submit\" data-alt-text=\"Enviando\u2026\" data-submit-text=\"Enviar\" aria-live=\"assertive\" value=\"wpforms-submit\">Enviar<\/button><img decoding=\"async\" src=\"https:\/\/scb.ind.br\/wp-content\/plugins\/wpforms-lite\/assets\/images\/submit-spin.svg\" class=\"wpforms-submit-spinner\" style=\"display: none;\" width=\"26\" height=\"26\" alt=\"Carregando\"><\/div><\/form><\/div>  <!-- .wpforms-container -->\n\n\n<p><\/p>\n","protected":false},"excerpt":{"rendered":"<p>Entre em contato com a SCB Solu\u00e7\u00f5es Industriais. Estamos prontos para atender suas d\u00favidas, propostas e demandas com agilidade e excel\u00eancia t\u00e9cnica. Informa\u00e7\u00f5es de Contato Endere\u00e7o: Rua Clarice Baruque Dodson, 1405 \u2013 Planalto do Sol 2 Santa B\u00e1rbara d\u2019Oeste \u2013 SP \u2013 CEP 13453-827 Telefone: (19) 9 9329-8449 E-mail: contato@scb.ind.br Atendimento \ud83d\udd52 Segunda a Sexta: [&hellip;]<\/p>\n","protected":false},"author":1,"featured_media":0,"parent":0,"menu_order":0,"comment_status":"closed","ping_status":"closed","template":"","meta":{"footnotes":""},"class_list":["post-56","page","type-page","status-publish","hentry"],"_links":{"self":[{"href":"https:\/\/scb.ind.br\/index.php?rest_route=\/wp\/v2\/pages\/56","targetHints":{"allow":["GET"]}}],"collection":[{"href":"https:\/\/scb.ind.br\/index.php?rest_route=\/wp\/v2\/pages"}],"about":[{"href":"https:\/\/scb.ind.br\/index.php?rest_route=\/wp\/v2\/types\/page"}],"author":[{"embeddable":true,"href":"https:\/\/scb.ind.br\/index.php?rest_route=\/wp\/v2\/users\/1"}],"replies":[{"embeddable":true,"href":"https:\/\/scb.ind.br\/index.php?rest_route=%2Fwp%2Fv2%2Fcomments&post=56"}],"version-history":[{"count":12,"href":"https:\/\/scb.ind.br\/index.php?rest_route=\/wp\/v2\/pages\/56\/revisions"}],"predecessor-version":[{"id":400,"href":"https:\/\/scb.ind.br\/index.php?rest_route=\/wp\/v2\/pages\/56\/revisions\/400"}],"wp:attachment":[{"href":"https:\/\/scb.ind.br\/index.php?rest_route=%2Fwp%2Fv2%2Fmedia&parent=56"}],"curies":[{"name":"wp","href":"https:\/\/api.w.org\/{rel}","templated":true}]}}